{"id":1217,"date":"2025-05-13T18:29:03","date_gmt":"2025-05-13T21:29:03","guid":{"rendered":"https:\/\/seminuevosgonzalez.com.ar\/?page_id=1217"},"modified":"2025-07-03T18:15:45","modified_gmt":"2025-07-03T21:15:45","slug":"preguntas-frecuentes","status":"publish","type":"page","link":"https:\/\/seminuevosgonzalez.com.ar\/?page_id=1217","title":{"rendered":"Preguntas Frecuentes"},"content":{"rendered":"\t\t<div data-elementor-type=\"wp-page\" data-elementor-id=\"1217\" class=\"elementor elementor-1217\">\n\t\t\t\t<div class=\"elementor-element elementor-element-36f0e82 e-flex e-con-boxed e-con e-parent\" data-id=\"36f0e82\" data-element_type=\"container\" data-e-type=\"container\">\n\t\t\t\t\t<div class=\"e-con-inner\">\n\t\t\t\t<div class=\"elementor-element elementor-element-1483feb elementor-widget elementor-widget-spacer\" data-id=\"1483feb\" data-element_type=\"widget\" data-e-type=\"widget\" data-widget_type=\"spacer.default\">\n\t\t\t\t<div class=\"elementor-widget-container\">\n\t\t\t\t\t\t\t<div class=\"elementor-spacer\">\n\t\t\t<div class=\"elementor-spacer-inner\"><\/div>\n\t\t<\/div>\n\t\t\t\t\t\t<\/div>\n\t\t\t\t<\/div>\n\t\t\t\t\t<\/div>\n\t\t\t\t<\/div>\n\t\t<div class=\"elementor-element elementor-element-19dbe3e e-flex e-con-boxed elementor-invisible e-con e-parent\" data-id=\"19dbe3e\" data-element_type=\"container\" data-e-type=\"container\" data-settings=\"{&quot;animation&quot;:&quot;zoomIn&quot;}\">\n\t\t\t\t\t<div class=\"e-con-inner\">\n\t\t\t\t<div class=\"elementor-element elementor-element-3ac649f elementor-widget elementor-widget-heading\" data-id=\"3ac649f\" data-element_type=\"widget\" data-e-type=\"widget\" data-widget_type=\"heading.default\">\n\t\t\t\t<div class=\"elementor-widget-container\">\n\t\t\t\t\t<h2 class=\"elementor-heading-title elementor-size-default\">Preguntas Frecuentes<\/h2>\t\t\t\t<\/div>\n\t\t\t\t<\/div>\n\t\t\t\t\t<\/div>\n\t\t\t\t<\/div>\n\t\t<div class=\"elementor-element elementor-element-4c0b85e e-flex e-con-boxed e-con e-parent\" data-id=\"4c0b85e\" data-element_type=\"container\" data-e-type=\"container\">\n\t\t\t\t\t<div class=\"e-con-inner\">\n\t\t\t\t<div class=\"elementor-element elementor-element-e957b9d elementor-widget elementor-widget-spacer\" data-id=\"e957b9d\" data-element_type=\"widget\" data-e-type=\"widget\" data-widget_type=\"spacer.default\">\n\t\t\t\t<div class=\"elementor-widget-container\">\n\t\t\t\t\t\t\t<div class=\"elementor-spacer\">\n\t\t\t<div class=\"elementor-spacer-inner\"><\/div>\n\t\t<\/div>\n\t\t\t\t\t\t<\/div>\n\t\t\t\t<\/div>\n\t\t\t\t\t<\/div>\n\t\t\t\t<\/div>\n\t\t<div class=\"elementor-element elementor-element-3727c0d e-flex e-con-boxed elementor-invisible e-con e-parent\" data-id=\"3727c0d\" data-element_type=\"container\" data-e-type=\"container\" data-settings=\"{&quot;animation&quot;:&quot;zoomIn&quot;}\">\n\t\t\t\t\t<div class=\"e-con-inner\">\n\t\t\t\t<div class=\"elementor-element elementor-element-2b339e2 elementor-widget elementor-widget-heading\" data-id=\"2b339e2\" data-element_type=\"widget\" data-e-type=\"widget\" data-widget_type=\"heading.default\">\n\t\t\t\t<div class=\"elementor-widget-container\">\n\t\t\t\t\t<h2 class=\"elementor-heading-title elementor-size-default\">\ud83d\udd39 \u00bfC\u00f3mo podemos ayudarte?<\/h2>\t\t\t\t<\/div>\n\t\t\t\t<\/div>\n\t\t\t\t\t<\/div>\n\t\t\t\t<\/div>\n\t\t<div class=\"elementor-element elementor-element-7243faa e-flex e-con-boxed elementor-invisible e-con e-parent\" data-id=\"7243faa\" data-element_type=\"container\" data-e-type=\"container\" data-settings=\"{&quot;animation&quot;:&quot;zoomIn&quot;}\">\n\t\t\t\t\t<div class=\"e-con-inner\">\n\t\t\t\t<div class=\"elementor-element elementor-element-8612a05 elementor-widget elementor-widget-shortcode\" data-id=\"8612a05\" data-element_type=\"widget\" data-e-type=\"widget\" data-widget_type=\"shortcode.default\">\n\t\t\t\t<div class=\"elementor-widget-container\">\n\t\t\t\t\t\t\t<div class=\"elementor-shortcode\"><style>#sp-ea-1901 .spcollapsing { height: 0; overflow: hidden; transition-property: height;transition-duration: 300ms;}#sp-ea-1901.sp-easy-accordion>.sp-ea-single {margin-bottom: 10px; border: 1px solid #e2e2e2; }#sp-ea-1901.sp-easy-accordion>.sp-ea-single>.ea-header a {color: #444;}#sp-ea-1901.sp-easy-accordion>.sp-ea-single>.sp-collapse>.ea-body {background: #fff; color: #444;}#sp-ea-1901.sp-easy-accordion>.sp-ea-single {background: #eee;}#sp-ea-1901.sp-easy-accordion>.sp-ea-single>.ea-header a .ea-expand-icon { float: left; color: #444;font-size: 16px;}<\/style><div id=\"sp_easy_accordion-1750198736\"><div id=\"sp-ea-1901\" class=\"sp-ea-one sp-easy-accordion\" data-ea-active=\"ea-hover\" data-ea-mode=\"vertical\" data-preloader=\"\" data-scroll-active-item=\"\" data-offset-to-scroll=\"0\"><div class=\"ea-card ea-expand sp-ea-single\"><h3 class=\"ea-header\"><a class=\"collapsed\" id=\"ea-header-19010\" role=\"button\" data-sptoggle=\"spcollapse\" data-sptarget=\"#collapse19010\" aria-controls=\"collapse19010\" href=\"#\" aria-expanded=\"true\" tabindex=\"0\"><i aria-hidden=\"true\" role=\"presentation\" class=\"ea-expand-icon eap-icon-ea-expand-minus\"><\/i> \u00bfD\u00f3nde est\u00e1n ubicados?<\/a><\/h3><div class=\"sp-collapse spcollapse collapsed show\" id=\"collapse19010\" data-parent=\"#sp-ea-1901\" role=\"region\" aria-labelledby=\"ea-header-19010\"> <div class=\"ea-body\"><p><span style=\"font-weight: 400\">Estamos en Av. Lavalle esquina Luchessi, Posadas, Misiones.<\/span><\/p><\/div><\/div><\/div><div class=\"ea-card sp-ea-single\"><h3 class=\"ea-header\"><a class=\"collapsed\" id=\"ea-header-19011\" role=\"button\" data-sptoggle=\"spcollapse\" data-sptarget=\"#collapse19011\" aria-controls=\"collapse19011\" href=\"#\" aria-expanded=\"false\" tabindex=\"0\"><i aria-hidden=\"true\" role=\"presentation\" class=\"ea-expand-icon eap-icon-ea-expand-plus\"><\/i> \u00bfEn qu\u00e9 horarios atienden al p\u00fablico?<\/a><\/h3><div class=\"sp-collapse spcollapse \" id=\"collapse19011\" data-parent=\"#sp-ea-1901\" role=\"region\" aria-labelledby=\"ea-header-19011\"> <div class=\"ea-body\"><p><span style=\"font-weight: 400\">Estamos abiertos al p\u00fablico de Lunes a Viernes de 8:30 a 12:30 y de 15:30 a 19:30. S\u00e1bados \u00fanicamente por la ma\u00f1ana.<\/span><\/p><\/div><\/div><\/div><div class=\"ea-card sp-ea-single\"><h3 class=\"ea-header\"><a class=\"collapsed\" id=\"ea-header-19012\" role=\"button\" data-sptoggle=\"spcollapse\" data-sptarget=\"#collapse19012\" aria-controls=\"collapse19012\" href=\"#\" aria-expanded=\"false\" tabindex=\"0\"><i aria-hidden=\"true\" role=\"presentation\" class=\"ea-expand-icon eap-icon-ea-expand-plus\"><\/i> \u00bfTienen financiaci\u00f3n?<\/a><\/h3><div class=\"sp-collapse spcollapse \" id=\"collapse19012\" data-parent=\"#sp-ea-1901\" role=\"region\" aria-labelledby=\"ea-header-19012\"> <div class=\"ea-body\"><p><span style=\"font-weight: 400\">S\u00ed. Trabajamos con bancos de primera l\u00ednea. Ofrecemos financiaci\u00f3n en pesos, con tasa fija y hasta en 48 cuotas.<\/span><\/p><\/div><\/div><\/div><div class=\"ea-card sp-ea-single\"><h3 class=\"ea-header\"><a class=\"collapsed\" id=\"ea-header-19013\" role=\"button\" data-sptoggle=\"spcollapse\" data-sptarget=\"#collapse19013\" aria-controls=\"collapse19013\" href=\"#\" aria-expanded=\"false\" tabindex=\"0\"><i aria-hidden=\"true\" role=\"presentation\" class=\"ea-expand-icon eap-icon-ea-expand-plus\"><\/i> \u00bfPuedo entregar mi auto como parte de pago?<\/a><\/h3><div class=\"sp-collapse spcollapse \" id=\"collapse19013\" data-parent=\"#sp-ea-1901\" role=\"region\" aria-labelledby=\"ea-header-19013\"> <div class=\"ea-body\"><p><span style=\"font-weight: 400\">\u00a0S\u00ed. Tomamos veh\u00edculos usados dependiendo del modelo, a\u00f1o y kilometraje. Sujeto a verificaci\u00f3n t\u00e9cnica.<\/span><\/p><\/div><\/div><\/div><div class=\"ea-card sp-ea-single\"><h3 class=\"ea-header\"><a class=\"collapsed\" id=\"ea-header-19014\" role=\"button\" data-sptoggle=\"spcollapse\" data-sptarget=\"#collapse19014\" aria-controls=\"collapse19014\" href=\"#\" aria-expanded=\"false\" tabindex=\"0\"><i aria-hidden=\"true\" role=\"presentation\" class=\"ea-expand-icon eap-icon-ea-expand-plus\"><\/i> \u00bfCu\u00e1nto tarda la entrega de mi auto?<\/a><\/h3><div class=\"sp-collapse spcollapse \" id=\"collapse19014\" data-parent=\"#sp-ea-1901\" role=\"region\" aria-labelledby=\"ea-header-19014\"> <div class=\"ea-body\"><p><span style=\"font-weight: 400\">Depende del m\u00e9todo de pago y los tr\u00e1mites de transferencia. En pagos al contado, pod\u00e9s retirarlo casi de inmediato una vez acordada la documentaci\u00f3n. En caso de financiaci\u00f3n, se entrega al acreditarse la prenda y activarse el seguro.<\/span><\/p><\/div><\/div><\/div><div class=\"ea-card sp-ea-single\"><h3 class=\"ea-header\"><a class=\"collapsed\" id=\"ea-header-19015\" role=\"button\" data-sptoggle=\"spcollapse\" data-sptarget=\"#collapse19015\" aria-controls=\"collapse19015\" href=\"#\" aria-expanded=\"false\" tabindex=\"0\"><i aria-hidden=\"true\" role=\"presentation\" class=\"ea-expand-icon eap-icon-ea-expand-plus\"><\/i> \u00bfLos autos tienen garant\u00eda?<\/a><\/h3><div class=\"sp-collapse spcollapse \" id=\"collapse19015\" data-parent=\"#sp-ea-1901\" role=\"region\" aria-labelledby=\"ea-header-19015\"> <div class=\"ea-body\"><p><span style=\"font-weight: 400\">S\u00ed. Todos los veh\u00edculos pasan una revisi\u00f3n t\u00e9cnica de m\u00e1s de 50 puntos y cuentan con 3 meses de garant\u00eda, explicada al momento de la entrega.<\/span><\/p><\/div><\/div><\/div><div class=\"ea-card sp-ea-single\"><h3 class=\"ea-header\"><a class=\"collapsed\" id=\"ea-header-19016\" role=\"button\" data-sptoggle=\"spcollapse\" data-sptarget=\"#collapse19016\" aria-controls=\"collapse19016\" href=\"#\" aria-expanded=\"false\" tabindex=\"0\"><i aria-hidden=\"true\" role=\"presentation\" class=\"ea-expand-icon eap-icon-ea-expand-plus\"><\/i> \u00bfEl auto sale asegurado?<\/a><\/h3><div class=\"sp-collapse spcollapse \" id=\"collapse19016\" data-parent=\"#sp-ea-1901\" role=\"region\" aria-labelledby=\"ea-header-19016\"> <div class=\"ea-body\"><p><span style=\"font-weight: 400\">S\u00ed. Trabajamos con varias compa\u00f1\u00edas. Te ofrecemos distintas opciones y buscamos la cobertura que mejor se adapte a vos.<\/span><\/p><\/div><\/div><\/div><div class=\"ea-card sp-ea-single\"><h3 class=\"ea-header\"><a class=\"collapsed\" id=\"ea-header-19017\" role=\"button\" data-sptoggle=\"spcollapse\" data-sptarget=\"#collapse19017\" aria-controls=\"collapse19017\" href=\"#\" aria-expanded=\"false\" tabindex=\"0\"><i aria-hidden=\"true\" role=\"presentation\" class=\"ea-expand-icon eap-icon-ea-expand-plus\"><\/i> \u00bfPor qu\u00e9 comprar en Seminuevos Gonz\u00e1lez?<\/a><\/h3><div class=\"sp-collapse spcollapse \" id=\"collapse19017\" data-parent=\"#sp-ea-1901\" role=\"region\" aria-labelledby=\"ea-header-19017\"> <div class=\"ea-body\"><p><span style=\"font-weight: 400\">Porque ofrecemos calidad, seriedad y acompa\u00f1amiento en cada paso. Nuestras unidades est\u00e1n chequeadas, el proceso es transparente y el equipo comercial te gu\u00eda desde la consulta hasta la entrega<\/span><\/p><\/div><\/div><\/div><div class=\"ea-card sp-ea-single\"><h3 class=\"ea-header\"><a class=\"collapsed\" id=\"ea-header-19018\" role=\"button\" data-sptoggle=\"spcollapse\" data-sptarget=\"#collapse19018\" aria-controls=\"collapse19018\" href=\"#\" aria-expanded=\"false\" tabindex=\"0\"><i aria-hidden=\"true\" role=\"presentation\" class=\"ea-expand-icon eap-icon-ea-expand-plus\"><\/i> \u00bfCu\u00e1nto cuesta la transferencia?<\/a><\/h3><div class=\"sp-collapse spcollapse \" id=\"collapse19018\" data-parent=\"#sp-ea-1901\" role=\"region\" aria-labelledby=\"ea-header-19018\"> <div class=\"ea-body\"><p><span style=\"font-weight: 400\">El costo lo define la DNRPA en base a la tabla de ACARA. Incluye todos los gastos (aranceles, sellos, formularios, t\u00edtulo, c\u00e9dulas, legalizaciones). Lo calculamos con total claridad, sin cargos ocultos.<\/span><\/p><\/div><\/div><\/div><\/div><\/div><\/div>\n\t\t\t\t\t\t<\/div>\n\t\t\t\t<\/div>\n\t\t\t\t\t<\/div>\n\t\t\t\t<\/div>\n\t\t<div class=\"elementor-element elementor-element-fc959f8 e-flex e-con-boxed e-con e-parent\" data-id=\"fc959f8\" data-element_type=\"container\" data-e-type=\"container\">\n\t\t\t\t\t<div class=\"e-con-inner\">\n\t\t\t\t<div class=\"elementor-element elementor-element-7a6bd34 elementor-align-justify elementor-mobile-align-center elementor-widget__width-initial elementor-widget elementor-widget-button\" data-id=\"7a6bd34\" data-element_type=\"widget\" data-e-type=\"widget\" data-widget_type=\"button.default\">\n\t\t\t\t<div class=\"elementor-widget-container\">\n\t\t\t\t\t\t\t\t\t<div class=\"elementor-button-wrapper\">\n\t\t\t\t\t<a class=\"elementor-button elementor-button-link elementor-size-sm\" href=\"https:\/\/wa.me\/543765134878?text=Hola,%20quiero%20m\u00e1s%20info%20sobre%20los%20autos%20disponibles\">\n\t\t\t\t\t\t<span class=\"elementor-button-content-wrapper\">\n\t\t\t\t\t\t\t\t\t<span class=\"elementor-button-text\">Contactanos<\/span>\n\t\t\t\t\t<\/span>\n\t\t\t\t\t<\/a>\n\t\t\t\t<\/div>\n\t\t\t\t\t\t\t\t<\/div>\n\t\t\t\t<\/div>\n\t\t\t\t\t<\/div>\n\t\t\t\t<\/div>\n\t\t<div class=\"elementor-element elementor-element-e687daa e-flex e-con-boxed e-con e-parent\" data-id=\"e687daa\" data-element_type=\"container\" data-e-type=\"container\">\n\t\t\t\t\t<div class=\"e-con-inner\">\n\t\t\t\t<div class=\"elementor-element elementor-element-c2fe835 elementor-widget elementor-widget-html\" data-id=\"c2fe835\" data-element_type=\"widget\" data-e-type=\"widget\" data-widget_type=\"html.default\">\n\t\t\t\t<div class=\"elementor-widget-container\">\n\t\t\t\t\t<!-- Bot\u00f3n flotante de WhatsApp -->\r\n<a href=\"https:\/\/wa.me\/543765134878?text=Hola,%20quiero%20m\u00e1s%20info%20sobre%20los%20autos%20disponibles\" \r\n   class=\"whatsapp-float\" \r\n   target=\"_blank\" \r\n   aria-label=\"Chat en WhatsApp\">\r\n   <img decoding=\"async\" src=\"https:\/\/img.icons8.com\/ios-filled\/50\/ffffff\/whatsapp.png\" alt=\"WhatsApp\">\r\n<\/a>\r\n\r\n<style>\r\n  .whatsapp-float {\r\n    position: fixed;\r\n    bottom: 20px;\r\n    right: 20px;\r\n    background-color: #25D366;\r\n    color: white;\r\n    border-radius: 50%;\r\n    padding: 15px;\r\n    box-shadow: 2px 2px 10px rgba(0,0,0,0.3);\r\n    z-index: 1000;\r\n    transition: background-color 0.3s ease;\r\n  }\r\n\r\n  .whatsapp-float:hover {\r\n    background-color: #1ebe5d;\r\n  }\r\n\r\n  .whatsapp-float img {\r\n    width: 30px;\r\n    height: 30px;\r\n  }\r\n<\/style>\r\n\r\n\t\t\t\t<\/div>\n\t\t\t\t<\/div>\n\t\t\t\t\t<\/div>\n\t\t\t\t<\/div>\n\t\t<div class=\"elementor-element elementor-element-e0fedc9 e-flex e-con-boxed e-con e-parent\" data-id=\"e0fedc9\" data-element_type=\"container\" data-e-type=\"container\">\n\t\t\t\t\t<div class=\"e-con-inner\">\n\t\t\t\t<div class=\"elementor-element elementor-element-a0ca7b5 elementor-widget elementor-widget-google_maps\" data-id=\"a0ca7b5\" data-element_type=\"widget\" data-e-type=\"widget\" data-widget_type=\"google_maps.default\">\n\t\t\t\t<div class=\"elementor-widget-container\">\n\t\t\t\t\t\t\t<div class=\"elementor-custom-embed\">\n\t\t\t<iframe loading=\"lazy\"\n\t\t\t\t\tsrc=\"https:\/\/maps.google.com\/maps?q=avenida%20general%20lavalle%203608.%20posadas.misiones&#038;t=m&#038;z=16&#038;output=embed&#038;iwloc=near\"\n\t\t\t\t\ttitle=\"avenida general lavalle 3608. posadas.misiones\"\n\t\t\t\t\taria-label=\"avenida general lavalle 3608. posadas.misiones\"\n\t\t\t><\/iframe>\n\t\t<\/div>\n\t\t\t\t\t\t<\/div>\n\t\t\t\t<\/div>\n\t\t\t\t\t<\/div>\n\t\t\t\t<\/div>\n\t\t\t\t<\/div>\n\t\t","protected":false},"excerpt":{"rendered":"<p>Preguntas Frecuentes \ud83d\udd39 \u00bfC\u00f3mo podemos ayudarte? Contactanos<\/p>\n","protected":false},"author":1,"featured_media":0,"parent":0,"menu_order":0,"comment_status":"closed","ping_status":"closed","template":"page-templates\/page_front-page.php","meta":{"footnotes":""},"class_list":["post-1217","page","type-page","status-publish","hentry"],"yoast_head":"<!-- This site is optimized with the Yoast SEO plugin v27.4 - https:\/\/yoast.com\/product\/yoast-seo-wordpress\/ -->\n<title>Preguntas frecuentes | Seminuevos Gonz\u00e1lez | Dudas autos usado<\/title>\n<meta name=\"description\" content=\"Respondemos las preguntas frecuentes sobre autos usados en Posadas: pagos, garant\u00eda, tr\u00e1mites y m\u00e1s. Seminuevos Gonz\u00e1lez, Misiones.\" \/>\n<meta name=\"robots\" content=\"index, follow, max-snippet:-1, max-image-preview:large, max-video-preview:-1\" \/>\n<link rel=\"canonical\" href=\"https:\/\/seminuevosgonzalez.com.ar\/?page_id=1217\" \/>\n<meta property=\"og:locale\" content=\"es_ES\" \/>\n<meta property=\"og:type\" content=\"article\" \/>\n<meta property=\"og:title\" content=\"Preguntas frecuentes | Seminuevos Gonz\u00e1lez | Dudas autos usado\" \/>\n<meta property=\"og:description\" content=\"Respondemos las preguntas frecuentes sobre autos usados en Posadas: pagos, garant\u00eda, tr\u00e1mites y m\u00e1s. Seminuevos Gonz\u00e1lez, Misiones.\" \/>\n<meta property=\"og:url\" content=\"https:\/\/seminuevosgonzalez.com.ar\/?page_id=1217\" \/>\n<meta property=\"og:site_name\" content=\"SemiNuevos Gonz\u00e1lez\" \/>\n<meta property=\"article:publisher\" content=\"https:\/\/www.facebook.com\/SeminuevosGonzalezsa\/?locale=es_LA\" \/>\n<meta property=\"article:modified_time\" content=\"2025-07-03T21:15:45+00:00\" \/>\n<meta property=\"og:image\" content=\"https:\/\/img.icons8.com\/ios-filled\/50\/ffffff\/whatsapp.png\" \/>\n<meta name=\"twitter:card\" content=\"summary_large_image\" \/>\n<meta name=\"twitter:label1\" content=\"Tiempo de lectura\" \/>\n\t<meta name=\"twitter:data1\" content=\"1 minuto\" \/>\n<script type=\"application\/ld+json\" class=\"yoast-schema-graph\">{\"@context\":\"https:\\\/\\\/schema.org\",\"@graph\":[{\"@type\":\"WebPage\",\"@id\":\"https:\\\/\\\/seminuevosgonzalez.com.ar\\\/?page_id=1217\",\"url\":\"https:\\\/\\\/seminuevosgonzalez.com.ar\\\/?page_id=1217\",\"name\":\"Preguntas frecuentes | Seminuevos Gonz\u00e1lez | Dudas autos usado\",\"isPartOf\":{\"@id\":\"https:\\\/\\\/seminuevosgonzalez.com.ar\\\/#website\"},\"primaryImageOfPage\":{\"@id\":\"https:\\\/\\\/seminuevosgonzalez.com.ar\\\/?page_id=1217#primaryimage\"},\"image\":{\"@id\":\"https:\\\/\\\/seminuevosgonzalez.com.ar\\\/?page_id=1217#primaryimage\"},\"thumbnailUrl\":\"https:\\\/\\\/img.icons8.com\\\/ios-filled\\\/50\\\/ffffff\\\/whatsapp.png\",\"datePublished\":\"2025-05-13T21:29:03+00:00\",\"dateModified\":\"2025-07-03T21:15:45+00:00\",\"description\":\"Respondemos las preguntas frecuentes sobre autos usados en Posadas: pagos, garant\u00eda, tr\u00e1mites y m\u00e1s. Seminuevos Gonz\u00e1lez, Misiones.\",\"breadcrumb\":{\"@id\":\"https:\\\/\\\/seminuevosgonzalez.com.ar\\\/?page_id=1217#breadcrumb\"},\"inLanguage\":\"es-AR\",\"potentialAction\":[{\"@type\":\"ReadAction\",\"target\":[\"https:\\\/\\\/seminuevosgonzalez.com.ar\\\/?page_id=1217\"]}]},{\"@type\":\"ImageObject\",\"inLanguage\":\"es-AR\",\"@id\":\"https:\\\/\\\/seminuevosgonzalez.com.ar\\\/?page_id=1217#primaryimage\",\"url\":\"https:\\\/\\\/img.icons8.com\\\/ios-filled\\\/50\\\/ffffff\\\/whatsapp.png\",\"contentUrl\":\"https:\\\/\\\/img.icons8.com\\\/ios-filled\\\/50\\\/ffffff\\\/whatsapp.png\"},{\"@type\":\"BreadcrumbList\",\"@id\":\"https:\\\/\\\/seminuevosgonzalez.com.ar\\\/?page_id=1217#breadcrumb\",\"itemListElement\":[{\"@type\":\"ListItem\",\"position\":1,\"name\":\"Inicio\",\"item\":\"https:\\\/\\\/seminuevosgonzalez.com.ar\\\/\"},{\"@type\":\"ListItem\",\"position\":2,\"name\":\"Preguntas Frecuentes\"}]},{\"@type\":\"WebSite\",\"@id\":\"https:\\\/\\\/seminuevosgonzalez.com.ar\\\/#website\",\"url\":\"https:\\\/\\\/seminuevosgonzalez.com.ar\\\/\",\"name\":\"https:\\\/\\\/seminuevosgonzalez.com.ar\\\/\",\"description\":\"Concesionario de autos usados en Posadas, Misiones. Calidad, confianza y atenci\u00f3n personalizada en Seminuevos Gonz\u00e1lez.\",\"publisher\":{\"@id\":\"https:\\\/\\\/seminuevosgonzalez.com.ar\\\/#organization\"},\"alternateName\":\"seminuevos\",\"potentialAction\":[{\"@type\":\"SearchAction\",\"target\":{\"@type\":\"EntryPoint\",\"urlTemplate\":\"https:\\\/\\\/seminuevosgonzalez.com.ar\\\/?s={search_term_string}\"},\"query-input\":{\"@type\":\"PropertyValueSpecification\",\"valueRequired\":true,\"valueName\":\"search_term_string\"}}],\"inLanguage\":\"es-AR\"},{\"@type\":\"Organization\",\"@id\":\"https:\\\/\\\/seminuevosgonzalez.com.ar\\\/#organization\",\"name\":\"Seminuevos Gonz\u00e1lez\",\"url\":\"https:\\\/\\\/seminuevosgonzalez.com.ar\\\/\",\"logo\":{\"@type\":\"ImageObject\",\"inLanguage\":\"es-AR\",\"@id\":\"https:\\\/\\\/seminuevosgonzalez.com.ar\\\/#\\\/schema\\\/logo\\\/image\\\/\",\"url\":\"https:\\\/\\\/seminuevosgonzalez.com.ar\\\/wp-content\\\/uploads\\\/2025\\\/05\\\/Captura-de-pantalla-2025-05-05-100946-1.png\",\"contentUrl\":\"https:\\\/\\\/seminuevosgonzalez.com.ar\\\/wp-content\\\/uploads\\\/2025\\\/05\\\/Captura-de-pantalla-2025-05-05-100946-1.png\",\"width\":651,\"height\":199,\"caption\":\"Seminuevos Gonz\u00e1lez\"},\"image\":{\"@id\":\"https:\\\/\\\/seminuevosgonzalez.com.ar\\\/#\\\/schema\\\/logo\\\/image\\\/\"},\"sameAs\":[\"https:\\\/\\\/www.facebook.com\\\/SeminuevosGonzalezsa\\\/?locale=es_LA\",\"https:\\\/\\\/www.instagram.com\\\/seminuevos_gonzalez\",\"https:\\\/\\\/wa.me\\\/543765134878\"]}]}<\/script>\n<!-- \/ Yoast SEO plugin. -->","yoast_head_json":{"title":"Preguntas frecuentes | Seminuevos Gonz\u00e1lez | Dudas autos usado","description":"Respondemos las preguntas frecuentes sobre autos usados en Posadas: pagos, garant\u00eda, tr\u00e1mites y m\u00e1s. Seminuevos Gonz\u00e1lez, Misiones.","robots":{"index":"index","follow":"follow","max-snippet":"max-snippet:-1","max-image-preview":"max-image-preview:large","max-video-preview":"max-video-preview:-1"},"canonical":"https:\/\/seminuevosgonzalez.com.ar\/?page_id=1217","og_locale":"es_ES","og_type":"article","og_title":"Preguntas frecuentes | Seminuevos Gonz\u00e1lez | Dudas autos usado","og_description":"Respondemos las preguntas frecuentes sobre autos usados en Posadas: pagos, garant\u00eda, tr\u00e1mites y m\u00e1s. Seminuevos Gonz\u00e1lez, Misiones.","og_url":"https:\/\/seminuevosgonzalez.com.ar\/?page_id=1217","og_site_name":"SemiNuevos Gonz\u00e1lez","article_publisher":"https:\/\/www.facebook.com\/SeminuevosGonzalezsa\/?locale=es_LA","article_modified_time":"2025-07-03T21:15:45+00:00","og_image":[{"url":"https:\/\/img.icons8.com\/ios-filled\/50\/ffffff\/whatsapp.png","type":"","width":"","height":""}],"twitter_card":"summary_large_image","twitter_misc":{"Tiempo de lectura":"1 minuto"},"schema":{"@context":"https:\/\/schema.org","@graph":[{"@type":"WebPage","@id":"https:\/\/seminuevosgonzalez.com.ar\/?page_id=1217","url":"https:\/\/seminuevosgonzalez.com.ar\/?page_id=1217","name":"Preguntas frecuentes | Seminuevos Gonz\u00e1lez | Dudas autos usado","isPartOf":{"@id":"https:\/\/seminuevosgonzalez.com.ar\/#website"},"primaryImageOfPage":{"@id":"https:\/\/seminuevosgonzalez.com.ar\/?page_id=1217#primaryimage"},"image":{"@id":"https:\/\/seminuevosgonzalez.com.ar\/?page_id=1217#primaryimage"},"thumbnailUrl":"https:\/\/img.icons8.com\/ios-filled\/50\/ffffff\/whatsapp.png","datePublished":"2025-05-13T21:29:03+00:00","dateModified":"2025-07-03T21:15:45+00:00","description":"Respondemos las preguntas frecuentes sobre autos usados en Posadas: pagos, garant\u00eda, tr\u00e1mites y m\u00e1s. Seminuevos Gonz\u00e1lez, Misiones.","breadcrumb":{"@id":"https:\/\/seminuevosgonzalez.com.ar\/?page_id=1217#breadcrumb"},"inLanguage":"es-AR","potentialAction":[{"@type":"ReadAction","target":["https:\/\/seminuevosgonzalez.com.ar\/?page_id=1217"]}]},{"@type":"ImageObject","inLanguage":"es-AR","@id":"https:\/\/seminuevosgonzalez.com.ar\/?page_id=1217#primaryimage","url":"https:\/\/img.icons8.com\/ios-filled\/50\/ffffff\/whatsapp.png","contentUrl":"https:\/\/img.icons8.com\/ios-filled\/50\/ffffff\/whatsapp.png"},{"@type":"BreadcrumbList","@id":"https:\/\/seminuevosgonzalez.com.ar\/?page_id=1217#breadcrumb","itemListElement":[{"@type":"ListItem","position":1,"name":"Inicio","item":"https:\/\/seminuevosgonzalez.com.ar\/"},{"@type":"ListItem","position":2,"name":"Preguntas Frecuentes"}]},{"@type":"WebSite","@id":"https:\/\/seminuevosgonzalez.com.ar\/#website","url":"https:\/\/seminuevosgonzalez.com.ar\/","name":"https:\/\/seminuevosgonzalez.com.ar\/","description":"Concesionario de autos usados en Posadas, Misiones. Calidad, confianza y atenci\u00f3n personalizada en Seminuevos Gonz\u00e1lez.","publisher":{"@id":"https:\/\/seminuevosgonzalez.com.ar\/#organization"},"alternateName":"seminuevos","potentialAction":[{"@type":"SearchAction","target":{"@type":"EntryPoint","urlTemplate":"https:\/\/seminuevosgonzalez.com.ar\/?s={search_term_string}"},"query-input":{"@type":"PropertyValueSpecification","valueRequired":true,"valueName":"search_term_string"}}],"inLanguage":"es-AR"},{"@type":"Organization","@id":"https:\/\/seminuevosgonzalez.com.ar\/#organization","name":"Seminuevos Gonz\u00e1lez","url":"https:\/\/seminuevosgonzalez.com.ar\/","logo":{"@type":"ImageObject","inLanguage":"es-AR","@id":"https:\/\/seminuevosgonzalez.com.ar\/#\/schema\/logo\/image\/","url":"https:\/\/seminuevosgonzalez.com.ar\/wp-content\/uploads\/2025\/05\/Captura-de-pantalla-2025-05-05-100946-1.png","contentUrl":"https:\/\/seminuevosgonzalez.com.ar\/wp-content\/uploads\/2025\/05\/Captura-de-pantalla-2025-05-05-100946-1.png","width":651,"height":199,"caption":"Seminuevos Gonz\u00e1lez"},"image":{"@id":"https:\/\/seminuevosgonzalez.com.ar\/#\/schema\/logo\/image\/"},"sameAs":["https:\/\/www.facebook.com\/SeminuevosGonzalezsa\/?locale=es_LA","https:\/\/www.instagram.com\/seminuevos_gonzalez","https:\/\/wa.me\/543765134878"]}]}},"_links":{"self":[{"href":"https:\/\/seminuevosgonzalez.com.ar\/index.php?rest_route=\/wp\/v2\/pages\/1217","targetHints":{"allow":["GET"]}}],"collection":[{"href":"https:\/\/seminuevosgonzalez.com.ar\/index.php?rest_route=\/wp\/v2\/pages"}],"about":[{"href":"https:\/\/seminuevosgonzalez.com.ar\/index.php?rest_route=\/wp\/v2\/types\/page"}],"author":[{"embeddable":true,"href":"https:\/\/seminuevosgonzalez.com.ar\/index.php?rest_route=\/wp\/v2\/users\/1"}],"replies":[{"embeddable":true,"href":"https:\/\/seminuevosgonzalez.com.ar\/index.php?rest_route=%2Fwp%2Fv2%2Fcomments&post=1217"}],"version-history":[{"count":51,"href":"https:\/\/seminuevosgonzalez.com.ar\/index.php?rest_route=\/wp\/v2\/pages\/1217\/revisions"}],"predecessor-version":[{"id":2064,"href":"https:\/\/seminuevosgonzalez.com.ar\/index.php?rest_route=\/wp\/v2\/pages\/1217\/revisions\/2064"}],"wp:attachment":[{"href":"https:\/\/seminuevosgonzalez.com.ar\/index.php?rest_route=%2Fwp%2Fv2%2Fmedia&parent=1217"}],"curies":[{"name":"wp","href":"https:\/\/api.w.org\/{rel}","templated":true}]}}